{"id":9,"date":"2026-04-23T08:19:12","date_gmt":"2026-04-23T08:19:12","guid":{"rendered":"https:\/\/pbwrk221ao.web.bib.de\/?page_id=9"},"modified":"2026-04-23T10:36:56","modified_gmt":"2026-04-23T10:36:56","slug":"hamburg","status":"publish","type":"page","link":"https:\/\/pbwrk221ao.web.bib.de\/","title":{"rendered":"Hamburg"},"content":{"rendered":"\t\t<div data-elementor-type=\"wp-page\" data-elementor-id=\"9\" class=\"elementor elementor-9\">\n\t\t\t\t<div class=\"elementor-element elementor-element-a25871b e-flex e-con-boxed e-con e-parent\" data-id=\"a25871b\" data-element_type=\"container\" data-e-type=\"container\">\n\t\t\t\t\t<div class=\"e-con-inner\">\n\t\t\t\t\t\t\t<h2 \n\t\tdata-interaction-id=\"de80ffc\" \n\t\tclass=\"e-de80ffc-980a58e e-heading-base\" \n\t\t \n\t\t\n\t>\n\t\n\t\t\tHamburg\n\t\t<\/h2>\n\t\t\t\t\t<\/div>\n\t\t\t\t<\/div>\n\t\t<div class=\"elementor-element elementor-element-d53a5f1 e-flex e-con-boxed e-con e-parent\" data-id=\"d53a5f1\" data-element_type=\"container\" data-e-type=\"container\">\n\t\t\t\t\t<div class=\"e-con-inner\">\n\t\t<div class=\"elementor-element elementor-element-4b11847 e-con-full e-flex e-con e-child\" data-id=\"4b11847\" data-element_type=\"container\" data-e-type=\"container\">\n\t\t\t\t\t\t\t\n\t\t<img class=\"e-image-base \" \n\t\t\t\t\tdata-interaction-id=\"6fe5b1a\" \n\t\t \n\t\t \n\t\t\t\t\t\t\t\t\tid=\"27\"\n\t\t\t\t\t\t\t\t\t\t\t\tsrc=\"https:\/\/pbwrk221ao.web.bib.de\/wp-content\/uploads\/2026\/04\/roman-kraft-vyQdrUSBEQU-unsplash-1-scaled.jpg\"\n\t\t\t\t\t\t\t\t\t\t\t\twidth=\"1706\"\n\t\t\t\t\t\t\t\t\t\t\t\theight=\"2560\"\n\t\t\t\t\t\t\t\t\t\t\t\tsrcset=\"https:\/\/pbwrk221ao.web.bib.de\/wp-content\/uploads\/2026\/04\/roman-kraft-vyQdrUSBEQU-unsplash-1-scaled.jpg 1706w, https:\/\/pbwrk221ao.web.bib.de\/wp-content\/uploads\/2026\/04\/roman-kraft-vyQdrUSBEQU-unsplash-1-200x300.jpg 200w, https:\/\/pbwrk221ao.web.bib.de\/wp-content\/uploads\/2026\/04\/roman-kraft-vyQdrUSBEQU-unsplash-1-683x1024.jpg 683w, https:\/\/pbwrk221ao.web.bib.de\/wp-content\/uploads\/2026\/04\/roman-kraft-vyQdrUSBEQU-unsplash-1-768x1152.jpg 768w, https:\/\/pbwrk221ao.web.bib.de\/wp-content\/uploads\/2026\/04\/roman-kraft-vyQdrUSBEQU-unsplash-1-1024x1536.jpg 1024w, https:\/\/pbwrk221ao.web.bib.de\/wp-content\/uploads\/2026\/04\/roman-kraft-vyQdrUSBEQU-unsplash-1-1365x2048.jpg 1365w\"\n\t\t\t\t\t\t\t\t\t\t\t\talt=\"\"\n\t\t\t\t\t\t\/>\n\t\t\t\t\t<\/div>\n\t\t<div class=\"elementor-element elementor-element-035a830 e-con-full e-flex e-con e-child\" data-id=\"035a830\" data-element_type=\"container\" data-e-type=\"container\">\n\t\t\t\t<div class=\"elementor-element elementor-element-51a46e2 elementor-widget elementor-widget-heading\" data-id=\"51a46e2\" data-element_type=\"widget\" data-e-type=\"widget\" data-widget_type=\"heading.default\">\n\t\t\t\t\t<h2 class=\"elementor-heading-title elementor-size-default\">Gib hier deine \u00dcberschrift Hamburg ist eine bedeutende norddeutsche Hafenstadt, die \u00fcber die Elbe mit der Nordsee verbunden ist. Die Stadt wird von Hunderten von Kan\u00e4len durchzogen, die zum Teil als Fleete bezeichnet werden, und weist au\u00dferdem ausgedehnte Park- und Gr\u00fcnfl\u00e4chen auf. Auf der zentrumsnahen Binnenalster fahren Boote, rings um den Stausee liegen zahlreiche Caf\u00e9s. Der Jungfernstieg verbindet die Neustadt mit der Altstadt, in der Wahrzeichen wie die Hauptkirche Sankt Michaelis aus dem 18. Jh. liegenein<\/h2>\t\t\t\t<\/div>\n\t\t\t\t<\/div>\n\t\t<div class=\"elementor-element elementor-element-7739268 e-con-full e-flex e-con e-child\" data-id=\"7739268\" data-element_type=\"container\" data-e-type=\"container\">\n\t\t\t\t\t\t\t\n\t\t<img class=\"e-image-base \" \n\t\t\t\t\tdata-interaction-id=\"efcfa64\" \n\t\t \n\t\t \n\t\t\t\t\t\t\t\t\tid=\"19\"\n\t\t\t\t\t\t\t\t\t\t\t\tsrc=\"https:\/\/pbwrk221ao.web.bib.de\/wp-content\/uploads\/2026\/04\/julia-solonina-Pl_tSzj6sos-unsplash-scaled.jpg\"\n\t\t\t\t\t\t\t\t\t\t\t\twidth=\"1707\"\n\t\t\t\t\t\t\t\t\t\t\t\theight=\"2560\"\n\t\t\t\t\t\t\t\t\t\t\t\tsrcset=\"https:\/\/pbwrk221ao.web.bib.de\/wp-content\/uploads\/2026\/04\/julia-solonina-Pl_tSzj6sos-unsplash-scaled.jpg 1707w, https:\/\/pbwrk221ao.web.bib.de\/wp-content\/uploads\/2026\/04\/julia-solonina-Pl_tSzj6sos-unsplash-200x300.jpg 200w, https:\/\/pbwrk221ao.web.bib.de\/wp-content\/uploads\/2026\/04\/julia-solonina-Pl_tSzj6sos-unsplash-683x1024.jpg 683w, https:\/\/pbwrk221ao.web.bib.de\/wp-content\/uploads\/2026\/04\/julia-solonina-Pl_tSzj6sos-unsplash-768x1152.jpg 768w, https:\/\/pbwrk221ao.web.bib.de\/wp-content\/uploads\/2026\/04\/julia-solonina-Pl_tSzj6sos-unsplash-1024x1536.jpg 1024w, https:\/\/pbwrk221ao.web.bib.de\/wp-content\/uploads\/2026\/04\/julia-solonina-Pl_tSzj6sos-unsplash-1365x2048.jpg 1365w\"\n\t\t\t\t\t\t\t\t\t\t\t\talt=\"\"\n\t\t\t\t\t\t\/>\n\t\t\t\t\t<\/div>\n\t\t\t\t\t<\/div>\n\t\t\t\t<\/div>\n\t\t<div class=\"elementor-element elementor-element-7b03b87 e-flex e-con-boxed e-con e-parent\" data-id=\"7b03b87\" data-element_type=\"container\" data-e-type=\"container\">\n\t\t\t\t\t<div class=\"e-con-inner\">\n\t\t<div class=\"elementor-element elementor-element-a98d22a e-con-full e-flex e-con e-child\" data-id=\"a98d22a\" data-element_type=\"container\" data-e-type=\"container\">\n\t\t\t\t\t\t\t\n\t\t<img class=\"e-image-base \" \n\t\t\t\t\tdata-interaction-id=\"fb2185c\" \n\t\t \n\t\t \n\t\t\t\t\t\t\t\t\tid=\"32\"\n\t\t\t\t\t\t\t\t\t\t\t\tsrc=\"https:\/\/pbwrk221ao.web.bib.de\/wp-content\/uploads\/2026\/04\/bryan-urk-ErKTpZbpc6g-unsplash-150x150.jpg\"\n\t\t\t\t\t\t\t\t\t\t\t\twidth=\"150\"\n\t\t\t\t\t\t\t\t\t\t\t\theight=\"150\"\n\t\t\t\t\t\t\t\t\t\t\t\tsrcset=\"\"\n\t\t\t\t\t\t\t\t\t\t\t\talt=\"\"\n\t\t\t\t\t\t\/>\n\t\t\t\t\t<\/div>\n\t\t\t\t<div class=\"elementor-element elementor-element-3d80ae5 elementor-widget elementor-widget-heading\" data-id=\"3d80ae5\" data-element_type=\"widget\" data-e-type=\"widget\" data-widget_type=\"heading.default\">\n\t\t\t\t\t<h2 class=\"elementor-heading-title elementor-size-default\">\nHamburger K\u00fcche:\nDie Hamburger K\u00fcche wurde bis weit in das 20. Jahrhundert besonders gepr\u00e4gt durch ein umfangreiches Fisch-Angebot aus der Elbe und der nahen Nordsee.schrift ein<\/h2>\t\t\t\t<\/div>\n\t\t\t\t\t\t\t\n\t\t<img class=\"e-image-base \" \n\t\t\t\t\tdata-interaction-id=\"986cfa2\" \n\t\t \n\t\t \n\t\t\t\t\t\t\t\t\tid=\"33\"\n\t\t\t\t\t\t\t\t\t\t\t\tsrc=\"https:\/\/pbwrk221ao.web.bib.de\/wp-content\/uploads\/2026\/04\/mobeen-ahmed-zaffar-BaOB2aQIVg4-unsplash-150x150.jpg\"\n\t\t\t\t\t\t\t\t\t\t\t\twidth=\"150\"\n\t\t\t\t\t\t\t\t\t\t\t\theight=\"150\"\n\t\t\t\t\t\t\t\t\t\t\t\tsrcset=\"\"\n\t\t\t\t\t\t\t\t\t\t\t\talt=\"\"\n\t\t\t\t\t\t\/>\n\t\t\t<div class=\"elementor-element elementor-element-f30f1dd e-con-full e-flex e-con e-child\" data-id=\"f30f1dd\" data-element_type=\"container\" data-e-type=\"container\">\n\t\t\t\t<\/div>\n\t\t<div class=\"elementor-element elementor-element-f406668 e-con-full e-flex e-con e-child\" data-id=\"f406668\" data-element_type=\"container\" data-e-type=\"container\">\n\t\t\t\t<\/div>\n\t\t<div class=\"elementor-element elementor-element-ed247fc e-con-full e-flex e-con e-child\" data-id=\"ed247fc\" data-element_type=\"container\" data-e-type=\"container\">\n\t\t\t\t<\/div>\n\t\t\t\t\t<\/div>\n\t\t\t\t<\/div>\n\t\t\t\t<\/div>\n\t\t","protected":false},"excerpt":{"rendered":"<p>Hamburg Gib hier deine \u00dcberschrift Hamburg ist eine bedeutende norddeutsche Hafenstadt, die \u00fcber die Elbe mit der Nordsee verbunden ist. Die Stadt wird von Hunderten von Kan\u00e4len durchzogen, die zum Teil als Fleete bezeichnet werden, und weist au\u00dferdem ausgedehnte Park- und Gr\u00fcnfl\u00e4chen auf. Auf der zentrumsnahen Binnenalster fahren Boote, rings um den Stausee liegen zahlreiche [&hellip;]<\/p>\n","protected":false},"author":1,"featured_media":0,"parent":0,"menu_order":0,"comment_status":"closed","ping_status":"closed","template":"elementor_canvas","meta":{"footnotes":""},"class_list":["post-9","page","type-page","status-publish","hentry"],"_links":{"self":[{"href":"https:\/\/pbwrk221ao.web.bib.de\/index.php?rest_route=\/wp\/v2\/pages\/9","targetHints":{"allow":["GET"]}}],"collection":[{"href":"https:\/\/pbwrk221ao.web.bib.de\/index.php?rest_route=\/wp\/v2\/pages"}],"about":[{"href":"https:\/\/pbwrk221ao.web.bib.de\/index.php?rest_route=\/wp\/v2\/types\/page"}],"author":[{"embeddable":true,"href":"https:\/\/pbwrk221ao.web.bib.de\/index.php?rest_route=\/wp\/v2\/users\/1"}],"replies":[{"embeddable":true,"href":"https:\/\/pbwrk221ao.web.bib.de\/index.php?rest_route=%2Fwp%2Fv2%2Fcomments&post=9"}],"version-history":[{"count":19,"href":"https:\/\/pbwrk221ao.web.bib.de\/index.php?rest_route=\/wp\/v2\/pages\/9\/revisions"}],"predecessor-version":[{"id":39,"href":"https:\/\/pbwrk221ao.web.bib.de\/index.php?rest_route=\/wp\/v2\/pages\/9\/revisions\/39"}],"wp:attachment":[{"href":"https:\/\/pbwrk221ao.web.bib.de\/index.php?rest_route=%2Fwp%2Fv2%2Fmedia&parent=9"}],"curies":[{"name":"wp","href":"https:\/\/api.w.org\/{rel}","templated":true}]}}